{"id":319,"date":"2026-04-30T11:36:32","date_gmt":"2026-04-30T08:36:32","guid":{"rendered":"https:\/\/ruonaworks.com\/?page_id=319"},"modified":"2026-05-05T13:37:15","modified_gmt":"2026-05-05T10:37:15","slug":"home","status":"publish","type":"page","link":"https:\/\/ruonaworks.com\/en\/","title":{"rendered":"Home"},"content":{"rendered":"<div class=\"wp-block-cover alignfull has-contrast-color has-text-color has-link-color wp-elements-0d99d0f0b25d43b6e61f2169c2b63a29 wp-duotone-unset-1\" style=\"border-style:none;border-width:0px;border-radius:0px;margin-top:0;margin-bottom:0;padding-top:0;padding-bottom:0;min-height:500px;aspect-ratio:unset;\"><img loading=\"lazy\" decoding=\"async\" width=\"1920\" height=\"1440\" class=\"wp-block-cover__image-background wp-image-26\" alt=\"\" src=\"https:\/\/ruonaworks.com\/wp-content\/uploads\/2023\/12\/Africa.jpg\" data-object-fit=\"cover\" srcset=\"https:\/\/ruonaworks.com\/wp-content\/uploads\/2023\/12\/Africa.jpg 1920w, https:\/\/ruonaworks.com\/wp-content\/uploads\/2023\/12\/Africa-300x225.jpg 300w, https:\/\/ruonaworks.com\/wp-content\/uploads\/2023\/12\/Africa-1024x768.jpg 1024w, https:\/\/ruonaworks.com\/wp-content\/uploads\/2023\/12\/Africa-768x576.jpg 768w, https:\/\/ruonaworks.com\/wp-content\/uploads\/2023\/12\/Africa-1536x1152.jpg 1536w\" sizes=\"auto, (max-width: 1920px) 100vw, 1920px\" \/><span aria-hidden=\"true\" class=\"wp-block-cover__background has-base-background-color has-background-dim\"><\/span><div class=\"wp-block-cover__inner-container is-layout-flow wp-container-core-cover-is-layout-3892b39b wp-block-cover-is-layout-flow\">\n<h1 class=\"wp-block-heading has-text-align-center has-x-large-font-size translation-block\"><strong><em>Welding, installation and construction services<br>From Southern-Ostrobohnia<\/em><\/strong><\/h1>\n<\/div><\/div>\n\n\n\n<div class=\"wp-block-buttons is-content-justification-center is-layout-flex wp-container-core-buttons-is-layout-fe1bbffc wp-block-buttons-is-layout-flex\" style=\"padding-top:var(--wp--preset--spacing--30);padding-bottom:var(--wp--preset--spacing--30)\">\n<div class=\"wp-block-button is-style-fill\"><a class=\"wp-block-button__link has-text-color has-background has-link-color has-x-large-font-size has-custom-font-size wp-element-button\" href=\"https:\/\/ruonaworks.com\/en\/yhteystiedot\/\" style=\"color:#000000;background-color:#74b65c;padding-top:0;padding-bottom:0\"><em>Contact<\/em><\/a><\/div>\n<\/div>\n\n\n\n<div class=\"wp-block-group alignwide has-global-padding is-layout-constrained wp-container-core-group-is-layout-71f2aa9f wp-block-group-is-layout-constrained\">\n<div class=\"wp-block-cover aligncenter has-parallax wp-duotone-303030-4d5b48-2\" style=\"border-style:none;border-width:0px;border-radius:40px;margin-top:0;margin-bottom:0;padding-right:0;padding-left:0;min-height:600px;aspect-ratio:unset;\"><div class=\"wp-block-cover__image-background wp-image-110 has-parallax\" style=\"background-position:69% 56%;background-image:url(https:\/\/ruonaworks.com\/wp-content\/uploads\/2023\/12\/Kansikuva-e1702469941118.jpg)\"><\/div><span aria-hidden=\"true\" class=\"wp-block-cover__background has-base-background-color has-background-dim\"><\/span><div class=\"wp-block-cover__inner-container is-layout-flow wp-container-core-cover-is-layout-f027cc92 wp-block-cover-is-layout-flow\">\n<h2 class=\"wp-block-heading has-text-align-center is-style-default has-x-large-font-size\">We are a company founded in 2021, specializing in welding and installation work in the metal industry.<br><\/h2>\n\n\n\n<p class=\"has-text-align-center\" style=\"padding-top:var(--wp--preset--spacing--10);padding-bottom:var(--wp--preset--spacing--10)\">Welding South Ostrobothnia \u2013 installation and construction services from South Ostrobothnia<\/p>\n\n\n\n<p class=\"has-text-align-center translation-block\">We offer professional know-how as subcontractors for larger companies<br><br>We have comprehensive high-quality equipment for any job<br>We carry out our work appropriately and safely<br><br>Our staff is also available internationally!<\/p>\n<\/div><\/div>\n<\/div>\n\n\n\n<div class=\"wp-block-group alignfull has-global-padding is-layout-constrained wp-container-core-group-is-layout-d89aad35 wp-block-group-is-layout-constrained\" style=\"margin-top:0;margin-bottom:0;padding-top:var(--wp--preset--spacing--50);padding-right:var(--wp--preset--spacing--50);padding-bottom:var(--wp--preset--spacing--50);padding-left:var(--wp--preset--spacing--50)\">\n<div class=\"wp-block-group alignwide has-global-padding is-layout-constrained wp-container-core-group-is-layout-19e250f3 wp-block-group-is-layout-constrained\">\n<div class=\"wp-block-columns alignwide is-layout-flex wp-container-core-columns-is-layout-d1c656ed wp-block-columns-is-layout-flex\">\n<div class=\"wp-block-column is-vertically-aligned-center is-layout-flow wp-block-column-is-layout-flow\" style=\"flex-basis:40%\">\n<h3 class=\"wp-block-heading is-style-asterisk has-contrast-color has-text-color has-link-color has-x-large-font-size wp-elements-9b5c1a2ef1644579a7f44bb08d860418\"><strong>Why choose us<\/strong><\/h3>\n\n\n\n<h3 class=\"wp-block-heading has-large-font-size\">\u2714  Professional implementation<\/h3>\n\n\n\n<p>Experienced workers and strong practical expertise guarantee a high-quality end result.<\/p>\n\n\n\n<h3 class=\"wp-block-heading has-large-font-size\">\u2714 Own equipment<\/h3>\n\n\n\n<p>Efficient work without unnecessary delays.<\/p>\n\n\n\n<h3 class=\"wp-block-heading has-large-font-size\">\u2714 We also operate internationally<\/h3>\n\n\n\n<p>Our personnel is also ready for projects outside Finland.<\/p>\n<\/div>\n\n\n\n<div class=\"wp-block-column is-layout-flow wp-block-column-is-layout-flow\" style=\"flex-basis:50%\">\n<figure class=\"wp-block-image size-full\"><img loading=\"lazy\" decoding=\"async\" width=\"533\" height=\"710\" src=\"https:\/\/ruonaworks.com\/wp-content\/uploads\/2026\/05\/asennus1.webp\" alt=\"Ammattilainen ty\u00f6skentelee poran kanssa \u2013 hitsaus- ja asennuspalvelut Etel\u00e4-Pohjanmaa\" class=\"wp-image-382\" srcset=\"https:\/\/ruonaworks.com\/wp-content\/uploads\/2026\/05\/asennus1.webp 533w, https:\/\/ruonaworks.com\/wp-content\/uploads\/2026\/05\/asennus1-225x300.webp 225w, https:\/\/ruonaworks.com\/wp-content\/uploads\/2026\/05\/asennus1-9x12.webp 9w\" sizes=\"auto, (max-width: 533px) 100vw, 533px\" \/><\/figure>\n<\/div>\n<\/div>\n\n\n\n<div style=\"height:var(--wp--preset--spacing--40)\" aria-hidden=\"true\" class=\"wp-block-spacer\"><\/div>\n\n\n\n<div class=\"wp-block-columns alignwide is-layout-flex wp-container-core-columns-is-layout-d1c656ed wp-block-columns-is-layout-flex\">\n<div class=\"wp-block-column is-layout-flow wp-block-column-is-layout-flow\" style=\"flex-basis:50%\">\n<figure class=\"wp-block-image size-full\"><img loading=\"lazy\" decoding=\"async\" width=\"533\" height=\"710\" src=\"https:\/\/ruonaworks.com\/wp-content\/uploads\/2026\/05\/Putkihitsi.webp\" alt=\"Putkihitsausta ty\u00f6maalla \u2013 hitsaus- ja asennuspalvelut Etel\u00e4-Pohjanmaa\" class=\"wp-image-385\" srcset=\"https:\/\/ruonaworks.com\/wp-content\/uploads\/2026\/05\/Putkihitsi.webp 533w, https:\/\/ruonaworks.com\/wp-content\/uploads\/2026\/05\/Putkihitsi-225x300.webp 225w, https:\/\/ruonaworks.com\/wp-content\/uploads\/2026\/05\/Putkihitsi-9x12.webp 9w\" sizes=\"auto, (max-width: 533px) 100vw, 533px\" \/><\/figure>\n<\/div>\n\n\n\n<div class=\"wp-block-column is-vertically-aligned-center is-layout-flow wp-block-column-is-layout-flow\" style=\"flex-basis:40%\">\n<h3 class=\"wp-block-heading is-style-asterisk has-x-large-font-size\"><strong>Services<\/strong><\/h3>\n\n\n\n<h2 class=\"wp-block-heading has-large-font-size\">\u2714 Welding services<\/h2>\n\n\n\n<p>High-quality welding work for industry and construction sites \u2013 precisely and sustainably.<\/p>\n\n\n\n<h2 class=\"wp-block-heading has-large-font-size\">\u2714 Installation services<\/h2>\n\n\n\n<p>Efficient and safe installation of machinery, equipment and structures.<\/p>\n\n\n\n<h2 class=\"wp-block-heading has-large-font-size\">\u2714 Construction and project work<\/h2>\n\n\n\n<p>Versatile construction and installation work for various sites.<\/p>\n\n\n\n<div class=\"wp-block-buttons has-custom-font-size has-medium-font-size is-layout-flex wp-block-buttons-is-layout-flex\" style=\"padding-top:0;padding-bottom:0\">\n<div class=\"wp-block-button\"><a class=\"wp-block-button__link has-text-color has-background has-link-color wp-element-button\" href=\"https:\/\/ruonaworks.com\/en\/hitsauspalvelut\/\" style=\"color:#000000;background-color:#74b65c\"><em>Read more<\/em><\/a><\/div>\n<\/div>\n<\/div>\n<\/div>\n\n\n\n<div style=\"height:var(--wp--preset--spacing--40)\" aria-hidden=\"true\" class=\"wp-block-spacer\"><\/div>\n\n\n\n<div class=\"wp-block-columns alignwide is-layout-flex wp-container-core-columns-is-layout-d1c656ed wp-block-columns-is-layout-flex\">\n<div class=\"wp-block-column is-vertically-aligned-center is-layout-flow wp-block-column-is-layout-flow\" style=\"flex-basis:40%\">\n<h3 class=\"wp-block-heading is-style-asterisk has-x-large-font-size\"><strong>Projects<\/strong><\/h3>\n\n\n\n<p><strong>Welding in Southern Ostrobothnia \u2013 high-quality welding and installation services from Ruona Works Oy<\/strong><\/p>\n\n\n\n<p>Ruona Works Oy's references speak of its diverse expertise and strong experience in demanding welding and installation projects both in Finland and internationally.<\/p>\n\n\n\n<p>Discover our projects around the world and our photo gallery:<\/p>\n\n\n\n<div class=\"wp-block-buttons has-custom-font-size has-medium-font-size is-layout-flex wp-block-buttons-is-layout-flex\" style=\"padding-top:0;padding-bottom:0\">\n<div class=\"wp-block-button\"><a class=\"wp-block-button__link has-text-color has-background has-link-color wp-element-button\" href=\"https:\/\/ruonaworks.com\/en\/referenssit\/\" style=\"color:#000000;background-color:#74b65c\"><em>Read more<\/em><\/a><\/div>\n<\/div>\n<\/div>\n\n\n\n<div class=\"wp-block-column is-layout-flow wp-block-column-is-layout-flow\" style=\"flex-basis:50%\">\n<figure class=\"wp-block-image size-full\"><img loading=\"lazy\" decoding=\"async\" width=\"533\" height=\"710\" src=\"https:\/\/ruonaworks.com\/wp-content\/uploads\/2026\/05\/Kaffe.webp\" alt=\"Asennusty\u00f6maa toiminnassa \u2013 hitsaus- ja asennuspalvelut Etel\u00e4-Pohjanmaa\" class=\"wp-image-384\" srcset=\"https:\/\/ruonaworks.com\/wp-content\/uploads\/2026\/05\/Kaffe.webp 533w, https:\/\/ruonaworks.com\/wp-content\/uploads\/2026\/05\/Kaffe-225x300.webp 225w, https:\/\/ruonaworks.com\/wp-content\/uploads\/2026\/05\/Kaffe-9x12.webp 9w\" sizes=\"auto, (max-width: 533px) 100vw, 533px\" \/><\/figure>\n<\/div>\n<\/div>\n<\/div>\n<\/div>\n\n\n\n<div class=\"wp-block-buttons is-content-justification-center is-layout-flex wp-container-core-buttons-is-layout-adf4db63 wp-block-buttons-is-layout-flex\" style=\"padding-top:0;padding-bottom:0\">\n<div class=\"wp-block-button is-style-fill\"><a class=\"wp-block-button__link has-text-color has-background has-link-color has-x-large-font-size has-custom-font-size wp-element-button\" href=\"https:\/\/ruonaworks.com\/en\/yhteystiedot\/\" style=\"color:#000000;background-color:#74b65c;padding-top:0;padding-bottom:0\"><em>Contact<\/em><\/a><\/div>\n<\/div>","protected":false},"excerpt":{"rendered":"<p>Miksi valita meid\u00e4t \u2714 Ammattitaitoinen toteutus Kokeneet tekij\u00e4t ja vahva k\u00e4yt\u00e4nn\u00f6n osaaminen takaavat laadukkaan lopputuloksen. \u2714 Oma kalusto Tehokas ty\u00f6skentely ilman turhia viiveit\u00e4. \u2714 Toimimme my\u00f6s kansainv\u00e4lisesti Henkil\u00f6st\u00f6mme on valmis projekteihin my\u00f6s Suomen ulkopuolella. Palvelut \u2714 Hitsauspalvelut Laadukkaat hitsausty\u00f6t teollisuuteen ja ty\u00f6maille \u2013 tarkasti ja kest\u00e4v\u00e4sti. \u2714 Asennuspalvelut Koneiden, laitteiden ja rakenteiden asennukset tehokkaasti ja [&hellip;]<\/p>\n","protected":false},"author":1,"featured_media":0,"parent":0,"menu_order":0,"comment_status":"closed","ping_status":"closed","template":"page-no-title","meta":{"footnotes":""},"class_list":["post-319","page","type-page","status-publish","hentry"],"yoast_head":"<!-- This site is optimized with the Yoast SEO plugin v27.4 - https:\/\/yoast.com\/product\/yoast-seo-wordpress\/ -->\n<title>Hitsaus Etel\u00e4-Pohjanmaa - Ruona Works Oy<\/title>\n<meta name=\"description\" content=\"Hitsaus Etel\u00e4-Pohjanmaa \u2013 MIG, TIG ja puikkohitsaus, ter\u00e4srakenteet ja asennusty\u00f6t yhdest\u00e4 paikasta, Ruona Works.\" \/>\n<meta name=\"robots\" content=\"index, follow, max-snippet:-1, max-image-preview:large, max-video-preview:-1\" \/>\n<link rel=\"canonical\" href=\"https:\/\/ruonaworks.com\/en\/\" \/>\n<meta property=\"og:locale\" content=\"en_US\" \/>\n<meta property=\"og:type\" content=\"article\" \/>\n<meta property=\"og:title\" content=\"Hitsaus Etel\u00e4-Pohjanmaa - Ruona Works Oy\" \/>\n<meta property=\"og:description\" content=\"Hitsaus Etel\u00e4-Pohjanmaa \u2013 MIG, TIG ja puikkohitsaus, ter\u00e4srakenteet ja asennusty\u00f6t yhdest\u00e4 paikasta, Ruona Works.\" \/>\n<meta property=\"og:url\" content=\"https:\/\/ruonaworks.com\/en\/\" \/>\n<meta property=\"og:site_name\" content=\"Ruona Works Oy\" \/>\n<meta property=\"article:publisher\" content=\"https:\/\/www.facebook.com\/ruonaworksoy\/\" \/>\n<meta property=\"article:modified_time\" content=\"2026-05-05T10:37:15+00:00\" \/>\n<meta property=\"og:image\" content=\"https:\/\/ruonaworks.com\/wp-content\/uploads\/2023\/12\/Africa.jpg\" \/>\n\t<meta property=\"og:image:width\" content=\"1920\" \/>\n\t<meta property=\"og:image:height\" content=\"1440\" \/>\n\t<meta property=\"og:image:type\" content=\"image\/jpeg\" \/>\n<meta name=\"twitter:card\" content=\"summary_large_image\" \/>\n<meta name=\"twitter:label1\" content=\"Est. reading time\" \/>\n\t<meta name=\"twitter:data1\" content=\"2 minutes\" \/>\n<script type=\"application\/ld+json\" class=\"yoast-schema-graph\">{\"@context\":\"https:\\\/\\\/schema.org\",\"@graph\":[{\"@type\":\"WebPage\",\"@id\":\"https:\\\/\\\/ruonaworks.com\\\/\",\"url\":\"https:\\\/\\\/ruonaworks.com\\\/\",\"name\":\"Hitsaus Etel\u00e4-Pohjanmaa - Ruona Works Oy\",\"isPartOf\":{\"@id\":\"https:\\\/\\\/ruonaworks.com\\\/#website\"},\"primaryImageOfPage\":{\"@id\":\"https:\\\/\\\/ruonaworks.com\\\/#primaryimage\"},\"image\":{\"@id\":\"https:\\\/\\\/ruonaworks.com\\\/#primaryimage\"},\"thumbnailUrl\":\"https:\\\/\\\/ruonaworks.com\\\/wp-content\\\/uploads\\\/2023\\\/12\\\/Africa.jpg\",\"datePublished\":\"2026-04-30T08:36:32+00:00\",\"dateModified\":\"2026-05-05T10:37:15+00:00\",\"description\":\"Hitsaus Etel\u00e4-Pohjanmaa \u2013 MIG, TIG ja puikkohitsaus, ter\u00e4srakenteet ja asennusty\u00f6t yhdest\u00e4 paikasta, Ruona Works.\",\"breadcrumb\":{\"@id\":\"https:\\\/\\\/ruonaworks.com\\\/#breadcrumb\"},\"inLanguage\":\"en-US\",\"potentialAction\":[{\"@type\":\"ReadAction\",\"target\":[\"https:\\\/\\\/ruonaworks.com\\\/\"]}]},{\"@type\":\"ImageObject\",\"inLanguage\":\"en-US\",\"@id\":\"https:\\\/\\\/ruonaworks.com\\\/#primaryimage\",\"url\":\"https:\\\/\\\/ruonaworks.com\\\/wp-content\\\/uploads\\\/2023\\\/12\\\/Africa.jpg\",\"contentUrl\":\"https:\\\/\\\/ruonaworks.com\\\/wp-content\\\/uploads\\\/2023\\\/12\\\/Africa.jpg\"},{\"@type\":\"BreadcrumbList\",\"@id\":\"https:\\\/\\\/ruonaworks.com\\\/#breadcrumb\",\"itemListElement\":[{\"@type\":\"ListItem\",\"position\":1,\"name\":\"Etusivu\",\"item\":\"https:\\\/\\\/ruonaworks.com\\\/\"},{\"@type\":\"ListItem\",\"position\":2,\"name\":\"Etusivu\"}]},{\"@type\":\"WebSite\",\"@id\":\"https:\\\/\\\/ruonaworks.com\\\/#website\",\"url\":\"https:\\\/\\\/ruonaworks.com\\\/\",\"name\":\"Ruona Works Oy\",\"description\":\"Hitsaus-, asennus- ja rakennuspalveluita alihankintana\",\"publisher\":{\"@id\":\"https:\\\/\\\/ruonaworks.com\\\/#organization\"},\"potentialAction\":[{\"@type\":\"SearchAction\",\"target\":{\"@type\":\"EntryPoint\",\"urlTemplate\":\"https:\\\/\\\/ruonaworks.com\\\/?s={search_term_string}\"},\"query-input\":{\"@type\":\"PropertyValueSpecification\",\"valueRequired\":true,\"valueName\":\"search_term_string\"}}],\"inLanguage\":\"en-US\"},{\"@type\":\"Organization\",\"@id\":\"https:\\\/\\\/ruonaworks.com\\\/#organization\",\"name\":\"Ruona Works Oy\",\"alternateName\":\"Ruonaworks\",\"url\":\"https:\\\/\\\/ruonaworks.com\\\/\",\"logo\":{\"@type\":\"ImageObject\",\"inLanguage\":\"en-US\",\"@id\":\"https:\\\/\\\/ruonaworks.com\\\/#\\\/schema\\\/logo\\\/image\\\/\",\"url\":\"https:\\\/\\\/ruonaworks.com\\\/wp-content\\\/uploads\\\/2023\\\/12\\\/Ruona-Helmets-logo-120x120-mango.png\",\"contentUrl\":\"https:\\\/\\\/ruonaworks.com\\\/wp-content\\\/uploads\\\/2023\\\/12\\\/Ruona-Helmets-logo-120x120-mango.png\",\"width\":120,\"height\":120,\"caption\":\"Ruona Works Oy\"},\"image\":{\"@id\":\"https:\\\/\\\/ruonaworks.com\\\/#\\\/schema\\\/logo\\\/image\\\/\"},\"sameAs\":[\"https:\\\/\\\/www.facebook.com\\\/ruonaworksoy\\\/\",\"https:\\\/\\\/www.instagram.com\\\/ruonaworksoy\\\/\"]}]}<\/script>\n<!-- \/ Yoast SEO plugin. -->","yoast_head_json":{"title":"Hitsaus Etel\u00e4-Pohjanmaa - Ruona Works Oy","description":"Hitsaus Etel\u00e4-Pohjanmaa \u2013 MIG, TIG ja puikkohitsaus, ter\u00e4srakenteet ja asennusty\u00f6t yhdest\u00e4 paikasta, Ruona Works.","robots":{"index":"index","follow":"follow","max-snippet":"max-snippet:-1","max-image-preview":"max-image-preview:large","max-video-preview":"max-video-preview:-1"},"canonical":"https:\/\/ruonaworks.com\/en\/","og_locale":"en_US","og_type":"article","og_title":"Hitsaus Etel\u00e4-Pohjanmaa - Ruona Works Oy","og_description":"Hitsaus Etel\u00e4-Pohjanmaa \u2013 MIG, TIG ja puikkohitsaus, ter\u00e4srakenteet ja asennusty\u00f6t yhdest\u00e4 paikasta, Ruona Works.","og_url":"https:\/\/ruonaworks.com\/en\/","og_site_name":"Ruona Works Oy","article_publisher":"https:\/\/www.facebook.com\/ruonaworksoy\/","article_modified_time":"2026-05-05T10:37:15+00:00","og_image":[{"width":1920,"height":1440,"url":"https:\/\/ruonaworks.com\/wp-content\/uploads\/2023\/12\/Africa.jpg","type":"image\/jpeg"}],"twitter_card":"summary_large_image","twitter_misc":{"Est. reading time":"2 minutes"},"schema":{"@context":"https:\/\/schema.org","@graph":[{"@type":"WebPage","@id":"https:\/\/ruonaworks.com\/","url":"https:\/\/ruonaworks.com\/","name":"Hitsaus Etel\u00e4-Pohjanmaa - Ruona Works Oy","isPartOf":{"@id":"https:\/\/ruonaworks.com\/#website"},"primaryImageOfPage":{"@id":"https:\/\/ruonaworks.com\/#primaryimage"},"image":{"@id":"https:\/\/ruonaworks.com\/#primaryimage"},"thumbnailUrl":"https:\/\/ruonaworks.com\/wp-content\/uploads\/2023\/12\/Africa.jpg","datePublished":"2026-04-30T08:36:32+00:00","dateModified":"2026-05-05T10:37:15+00:00","description":"Hitsaus Etel\u00e4-Pohjanmaa \u2013 MIG, TIG ja puikkohitsaus, ter\u00e4srakenteet ja asennusty\u00f6t yhdest\u00e4 paikasta, Ruona Works.","breadcrumb":{"@id":"https:\/\/ruonaworks.com\/#breadcrumb"},"inLanguage":"en-US","potentialAction":[{"@type":"ReadAction","target":["https:\/\/ruonaworks.com\/"]}]},{"@type":"ImageObject","inLanguage":"en-US","@id":"https:\/\/ruonaworks.com\/#primaryimage","url":"https:\/\/ruonaworks.com\/wp-content\/uploads\/2023\/12\/Africa.jpg","contentUrl":"https:\/\/ruonaworks.com\/wp-content\/uploads\/2023\/12\/Africa.jpg"},{"@type":"BreadcrumbList","@id":"https:\/\/ruonaworks.com\/#breadcrumb","itemListElement":[{"@type":"ListItem","position":1,"name":"Etusivu","item":"https:\/\/ruonaworks.com\/"},{"@type":"ListItem","position":2,"name":"Etusivu"}]},{"@type":"WebSite","@id":"https:\/\/ruonaworks.com\/#website","url":"https:\/\/ruonaworks.com\/","name":"Ruona Works Oy","description":"Hitsaus-, asennus- ja rakennuspalveluita alihankintana","publisher":{"@id":"https:\/\/ruonaworks.com\/#organization"},"potentialAction":[{"@type":"SearchAction","target":{"@type":"EntryPoint","urlTemplate":"https:\/\/ruonaworks.com\/?s={search_term_string}"},"query-input":{"@type":"PropertyValueSpecification","valueRequired":true,"valueName":"search_term_string"}}],"inLanguage":"en-US"},{"@type":"Organization","@id":"https:\/\/ruonaworks.com\/#organization","name":"Ruona Works Oy","alternateName":"Ruonaworks","url":"https:\/\/ruonaworks.com\/","logo":{"@type":"ImageObject","inLanguage":"en-US","@id":"https:\/\/ruonaworks.com\/#\/schema\/logo\/image\/","url":"https:\/\/ruonaworks.com\/wp-content\/uploads\/2023\/12\/Ruona-Helmets-logo-120x120-mango.png","contentUrl":"https:\/\/ruonaworks.com\/wp-content\/uploads\/2023\/12\/Ruona-Helmets-logo-120x120-mango.png","width":120,"height":120,"caption":"Ruona Works Oy"},"image":{"@id":"https:\/\/ruonaworks.com\/#\/schema\/logo\/image\/"},"sameAs":["https:\/\/www.facebook.com\/ruonaworksoy\/","https:\/\/www.instagram.com\/ruonaworksoy\/"]}]}},"_links":{"self":[{"href":"https:\/\/ruonaworks.com\/en\/wp-json\/wp\/v2\/pages\/319","targetHints":{"allow":["GET"]}}],"collection":[{"href":"https:\/\/ruonaworks.com\/en\/wp-json\/wp\/v2\/pages"}],"about":[{"href":"https:\/\/ruonaworks.com\/en\/wp-json\/wp\/v2\/types\/page"}],"author":[{"embeddable":true,"href":"https:\/\/ruonaworks.com\/en\/wp-json\/wp\/v2\/users\/1"}],"replies":[{"embeddable":true,"href":"https:\/\/ruonaworks.com\/en\/wp-json\/wp\/v2\/comments?post=319"}],"version-history":[{"count":25,"href":"https:\/\/ruonaworks.com\/en\/wp-json\/wp\/v2\/pages\/319\/revisions"}],"predecessor-version":[{"id":387,"href":"https:\/\/ruonaworks.com\/en\/wp-json\/wp\/v2\/pages\/319\/revisions\/387"}],"wp:attachment":[{"href":"https:\/\/ruonaworks.com\/en\/wp-json\/wp\/v2\/media?parent=319"}],"curies":[{"name":"wp","href":"https:\/\/api.w.org\/{rel}","templated":true}]}}