{"id":323,"date":"2026-04-30T11:34:52","date_gmt":"2026-04-30T08:34:52","guid":{"rendered":"https:\/\/ruonaworks.com\/?page_id=323"},"modified":"2026-05-04T12:15:49","modified_gmt":"2026-05-04T09:15:49","slug":"hitsauspalvelut","status":"publish","type":"page","link":"https:\/\/ruonaworks.com\/en\/hitsauspalvelut\/","title":{"rendered":"Welding services"},"content":{"rendered":"<div class=\"wp-block-cover alignfull has-contrast-color has-text-color has-link-color wp-elements-a93e2fc5446f1b4a0257c62837ba323d wp-duotone-unset-1\" style=\"border-style:none;border-width:0px;border-radius:0px;margin-top:0;margin-bottom:0;padding-top:0;padding-bottom:0;min-height:500px;aspect-ratio:unset;\"><img loading=\"lazy\" decoding=\"async\" width=\"1920\" height=\"1440\" class=\"wp-block-cover__image-background wp-image-26\" alt=\"\" src=\"https:\/\/ruonaworks.com\/wp-content\/uploads\/2023\/12\/Africa.jpg\" data-object-fit=\"cover\" srcset=\"https:\/\/ruonaworks.com\/wp-content\/uploads\/2023\/12\/Africa.jpg 1920w, https:\/\/ruonaworks.com\/wp-content\/uploads\/2023\/12\/Africa-300x225.jpg 300w, https:\/\/ruonaworks.com\/wp-content\/uploads\/2023\/12\/Africa-1024x768.jpg 1024w, https:\/\/ruonaworks.com\/wp-content\/uploads\/2023\/12\/Africa-768x576.jpg 768w, https:\/\/ruonaworks.com\/wp-content\/uploads\/2023\/12\/Africa-1536x1152.jpg 1536w\" sizes=\"auto, (max-width: 1920px) 100vw, 1920px\" \/><span aria-hidden=\"true\" class=\"wp-block-cover__background has-base-background-color has-background-dim\"><\/span><div class=\"wp-block-cover__inner-container is-layout-flow wp-container-core-cover-is-layout-3892b39b wp-block-cover-is-layout-flow\">\n<h1 class=\"wp-block-heading has-text-align-center has-x-large-font-size\"><strong><em>Welding services<\/em><\/strong><\/h1>\n<\/div><\/div>\n\n\n\n<div class=\"wp-block-buttons is-horizontal is-content-justification-center is-layout-flex wp-container-core-buttons-is-layout-9ce7962a wp-block-buttons-is-layout-flex\" style=\"padding-top:var(--wp--preset--spacing--30);padding-bottom:var(--wp--preset--spacing--30)\">\n<div class=\"wp-block-button is-style-fill\"><a class=\"wp-block-button__link has-text-color has-background has-link-color has-x-large-font-size has-custom-font-size wp-element-button\" href=\"https:\/\/ruonaworks.com\/en\/yhteystiedot\/\" style=\"color:#000000;background-color:#74b65c;padding-top:0;padding-bottom:0\"><em>Contact<\/em><\/a><\/div>\n<\/div>\n\n\n\n<div class=\"wp-block-group alignwide has-global-padding is-layout-constrained wp-container-core-group-is-layout-71f2aa9f wp-block-group-is-layout-constrained\">\n<div class=\"wp-block-cover alignfull has-parallax wp-duotone-303030-4d5b48-2\" style=\"border-style:none;border-width:0px;border-radius:40px;margin-top:0;margin-bottom:0;padding-right:0;padding-left:0;min-height:570px;aspect-ratio:unset;\"><div class=\"wp-block-cover__image-background wp-image-110 has-parallax\" style=\"background-position:69% 56%;background-image:url(https:\/\/ruonaworks.com\/wp-content\/uploads\/2023\/12\/Kansikuva-e1702469941118.jpg)\"><\/div><span aria-hidden=\"true\" class=\"wp-block-cover__background has-base-background-color has-background-dim\"><\/span><div class=\"wp-block-cover__inner-container is-layout-flow wp-container-core-cover-is-layout-f027cc92 wp-block-cover-is-layout-flow\">\n<h2 class=\"wp-block-heading has-text-align-center is-style-default has-large-font-size\"><em>Welding services for demanding industrial subcontracting projects. We offer high-quality welding services, especially for industrial and construction subcontracting needs. We act as a reliable partner for larger companies that require precise quality, on-time delivery, and documented and standard-compliant work. Our strong professional skills are based on long-term experience in various welding projects and the ability to operate in demanding and international operating environments.<\/em><br><\/h2>\n\n\n\n<div style=\"height:20px\" aria-hidden=\"true\" class=\"wp-block-spacer\"><\/div>\n\n\n\n<p class=\"has-text-align-center\">We have comprehensive and modern equipment that enables MIG, MAG and TIG welding as well as versatile special solutions for different materials and structures. We focus especially on the appropriateness of work, safety and quality assurance in all work phases. We strictly comply with industry standards and customer requirements, which makes us a reliable partner even in projects requiring certified processes.<\/p>\n\n\n\n<p class=\"has-text-align-center\">We operate flexibly in both domestic and international projects, and we are able to adapt to the needs of different industries. Our goal is to provide long-term cooperation, where quality, expertise and trust are at the heart of every delivery.<br><\/p>\n<\/div><\/div>\n<\/div>\n\n\n\n<div class=\"wp-block-group alignfull has-global-padding is-layout-constrained wp-container-core-group-is-layout-d89aad35 wp-block-group-is-layout-constrained\" style=\"margin-top:0;margin-bottom:0;padding-top:var(--wp--preset--spacing--50);padding-right:var(--wp--preset--spacing--50);padding-bottom:var(--wp--preset--spacing--50);padding-left:var(--wp--preset--spacing--50)\">\n<div class=\"wp-block-group alignwide has-global-padding is-layout-constrained wp-container-core-group-is-layout-19e250f3 wp-block-group-is-layout-constrained\">\n<div class=\"wp-block-columns alignwide is-layout-flex wp-container-core-columns-is-layout-d1c656ed wp-block-columns-is-layout-flex\">\n<div class=\"wp-block-column is-vertically-aligned-center is-layout-flow wp-block-column-is-layout-flow\" style=\"flex-basis:40%\">\n<h3 class=\"wp-block-heading is-style-asterisk has-contrast-color has-text-color has-link-color wp-elements-a062fbb16aad45786a7cb750ac9db0f5\">Welding<\/h3>\n\n\n\n<p>We carry out  our welds according to the customer's requirements. We use the most common welding methods.<\/p>\n\n\n\n<ul style=\"line-height:1.75\" class=\"wp-block-list is-style-checkmark-list\">\n<li>MMA - Welding<\/li>\n\n\n\n<li>MIG\/MAG - Welding<\/li>\n\n\n\n<li>TIG - Welding<\/li>\n<\/ul>\n<\/div>\n\n\n\n<div class=\"wp-block-column is-layout-flow wp-block-column-is-layout-flow\" style=\"flex-basis:50%\">\n<figure class=\"wp-block-image size-large is-style-rounded is-style-rounded--3\"><img loading=\"lazy\" decoding=\"async\" width=\"1024\" height=\"768\" src=\"https:\/\/ruonaworks.com\/wp-content\/uploads\/2023\/12\/Puikkohitsaus-1024x768.jpg\" alt=\"Tilannekuva puikkohitsauksesta.\" class=\"wp-image-37\" style=\"aspect-ratio:4\/3;object-fit:cover\" srcset=\"https:\/\/ruonaworks.com\/wp-content\/uploads\/2023\/12\/Puikkohitsaus-1024x768.jpg 1024w, https:\/\/ruonaworks.com\/wp-content\/uploads\/2023\/12\/Puikkohitsaus-300x225.jpg 300w, https:\/\/ruonaworks.com\/wp-content\/uploads\/2023\/12\/Puikkohitsaus-768x576.jpg 768w, https:\/\/ruonaworks.com\/wp-content\/uploads\/2023\/12\/Puikkohitsaus-1536x1152.jpg 1536w, https:\/\/ruonaworks.com\/wp-content\/uploads\/2023\/12\/Puikkohitsaus.jpg 1920w\" sizes=\"auto, (max-width: 1024px) 100vw, 1024px\" \/><\/figure>\n<\/div>\n<\/div>\n\n\n\n<div style=\"height:var(--wp--preset--spacing--40)\" aria-hidden=\"true\" class=\"wp-block-spacer\"><\/div>\n\n\n\n<div class=\"wp-block-columns alignwide is-layout-flex wp-container-core-columns-is-layout-d1c656ed wp-block-columns-is-layout-flex\">\n<div class=\"wp-block-column is-layout-flow wp-block-column-is-layout-flow\" style=\"flex-basis:50%\">\n<figure class=\"wp-block-image size-large is-style-rounded is-style-rounded--4\"><img loading=\"lazy\" decoding=\"async\" width=\"1024\" height=\"576\" src=\"https:\/\/ruonaworks.com\/wp-content\/uploads\/2023\/12\/Asennus-1024x576.jpg\" alt=\"Asennusvaihe k\u00e4ynniss\u00e4 metalliprojektissa, taustalla hitsauspalvelut\" class=\"wp-image-31\" style=\"aspect-ratio:16\/9;object-fit:cover\" srcset=\"https:\/\/ruonaworks.com\/wp-content\/uploads\/2023\/12\/Asennus-1024x576.jpg 1024w, https:\/\/ruonaworks.com\/wp-content\/uploads\/2023\/12\/Asennus-300x169.jpg 300w, https:\/\/ruonaworks.com\/wp-content\/uploads\/2023\/12\/Asennus-768x432.jpg 768w, https:\/\/ruonaworks.com\/wp-content\/uploads\/2023\/12\/Asennus-1536x864.jpg 1536w, https:\/\/ruonaworks.com\/wp-content\/uploads\/2023\/12\/Asennus.jpg 1920w\" sizes=\"auto, (max-width: 1024px) 100vw, 1024px\" \/><\/figure>\n<\/div>\n\n\n\n<div class=\"wp-block-column is-vertically-aligned-center is-layout-flow wp-block-column-is-layout-flow\" style=\"flex-basis:40%\">\n<h3 class=\"wp-block-heading is-style-asterisk\">Installation<\/h3>\n\n\n\n<p>Equipment installations are carried out in accordance with the customer's instructions and requirements.<\/p>\n\n\n\n<ul style=\"line-height:1.75\" class=\"wp-block-list is-style-checkmark-list\">\n<li>Device installations<\/li>\n\n\n\n<li>Device repairs<\/li>\n\n\n\n<li>Equipment maintenance<\/li>\n<\/ul>\n<\/div>\n<\/div>\n\n\n\n<div style=\"height:var(--wp--preset--spacing--40)\" aria-hidden=\"true\" class=\"wp-block-spacer\"><\/div>\n\n\n\n<div class=\"wp-block-columns alignwide is-layout-flex wp-container-core-columns-is-layout-d1c656ed wp-block-columns-is-layout-flex\">\n<div class=\"wp-block-column is-vertically-aligned-center is-layout-flow wp-block-column-is-layout-flow\" style=\"flex-basis:40%\">\n<h3 class=\"wp-block-heading is-style-asterisk\">Construction<\/h3>\n\n\n\n<p>We also carry out construction work.<\/p>\n\n\n\n<ul style=\"line-height:1.75\" class=\"wp-block-list is-style-checkmark-list\">\n<li>Steel construction<\/li>\n\n\n\n<li>Renovation<\/li>\n\n\n\n<li>Demolition<\/li>\n<\/ul>\n<\/div>\n\n\n\n<div class=\"wp-block-column is-layout-flow wp-block-column-is-layout-flow\" style=\"flex-basis:50%\">\n<figure class=\"wp-block-image size-large is-style-rounded is-style-rounded--5\"><img loading=\"lazy\" decoding=\"async\" width=\"1024\" height=\"768\" src=\"https:\/\/ruonaworks.com\/wp-content\/uploads\/2023\/12\/asennusta-edited-1024x768.jpg\" alt=\"Rakennusprojekti etenee, ter\u00e4sosien asennus ja hitsauspalvelut\" class=\"wp-image-78\" style=\"aspect-ratio:4\/3;object-fit:cover\" srcset=\"https:\/\/ruonaworks.com\/wp-content\/uploads\/2023\/12\/asennusta-edited-1024x768.jpg 1024w, https:\/\/ruonaworks.com\/wp-content\/uploads\/2023\/12\/asennusta-edited-300x225.jpg 300w, https:\/\/ruonaworks.com\/wp-content\/uploads\/2023\/12\/asennusta-edited-768x576.jpg 768w, https:\/\/ruonaworks.com\/wp-content\/uploads\/2023\/12\/asennusta-edited.jpg 1080w\" sizes=\"auto, (max-width: 1024px) 100vw, 1024px\" \/><\/figure>\n<\/div>\n<\/div>\n<\/div>\n<\/div>","protected":false},"excerpt":{"rendered":"<p>Hitsaus Teemme hitsausty\u00f6t asiakkaan vaatimustason mukaan. K\u00e4yt\u00f6ss\u00e4mme on yleisimm\u00e4t hitsausmenetelm\u00e4t. Asennus Laiteasennukset toteutetaan asiakkaan ohjeistuksen ja vaatimusten mukaisesti. Rakentaminen Teemme my\u00f6s rakennust\u00f6it\u00e4.<\/p>","protected":false},"author":1,"featured_media":0,"parent":0,"menu_order":0,"comment_status":"closed","ping_status":"closed","template":"page-no-title","meta":{"footnotes":""},"class_list":["post-323","page","type-page","status-publish","hentry"],"yoast_head":"<!-- This site is optimized with the Yoast SEO plugin v27.4 - https:\/\/yoast.com\/product\/yoast-seo-wordpress\/ -->\n<title>Hitsauspalvelut - Ruona Works Oy<\/title>\n<meta name=\"description\" content=\"Ammattitaitoiset hitsauspalvelut Etel\u00e4-Pohjanmaalta. Tarjoamme metallity\u00f6t, korjaushitsaukset ja r\u00e4\u00e4t\u00e4l\u00f6idyt ratkaisut luotettavasti.\" \/>\n<meta name=\"robots\" content=\"index, follow, max-snippet:-1, max-image-preview:large, max-video-preview:-1\" \/>\n<link rel=\"canonical\" href=\"https:\/\/ruonaworks.com\/en\/hitsauspalvelut\/\" \/>\n<meta property=\"og:locale\" content=\"en_US\" \/>\n<meta property=\"og:type\" content=\"article\" \/>\n<meta property=\"og:title\" content=\"Hitsauspalvelut - Ruona Works Oy\" \/>\n<meta property=\"og:description\" content=\"Ammattitaitoiset hitsauspalvelut Etel\u00e4-Pohjanmaalta. Tarjoamme metallity\u00f6t, korjaushitsaukset ja r\u00e4\u00e4t\u00e4l\u00f6idyt ratkaisut luotettavasti.\" \/>\n<meta property=\"og:url\" content=\"https:\/\/ruonaworks.com\/en\/hitsauspalvelut\/\" \/>\n<meta property=\"og:site_name\" content=\"Ruona Works Oy\" \/>\n<meta property=\"article:publisher\" content=\"https:\/\/www.facebook.com\/ruonaworksoy\/\" \/>\n<meta property=\"article:modified_time\" content=\"2026-05-04T09:15:49+00:00\" \/>\n<meta property=\"og:image\" content=\"https:\/\/ruonaworks.com\/wp-content\/uploads\/2023\/12\/Africa.jpg\" \/>\n\t<meta property=\"og:image:width\" content=\"1920\" \/>\n\t<meta property=\"og:image:height\" content=\"1440\" \/>\n\t<meta property=\"og:image:type\" content=\"image\/jpeg\" \/>\n<meta name=\"twitter:card\" content=\"summary_large_image\" \/>\n<meta name=\"twitter:label1\" content=\"Est. reading time\" \/>\n\t<meta name=\"twitter:data1\" content=\"2 minutes\" \/>\n<script type=\"application\/ld+json\" class=\"yoast-schema-graph\">{\"@context\":\"https:\\\/\\\/schema.org\",\"@graph\":[{\"@type\":\"WebPage\",\"@id\":\"https:\\\/\\\/ruonaworks.com\\\/hitsauspalvelut\\\/\",\"url\":\"https:\\\/\\\/ruonaworks.com\\\/hitsauspalvelut\\\/\",\"name\":\"Hitsauspalvelut - Ruona Works Oy\",\"isPartOf\":{\"@id\":\"https:\\\/\\\/ruonaworks.com\\\/#website\"},\"primaryImageOfPage\":{\"@id\":\"https:\\\/\\\/ruonaworks.com\\\/hitsauspalvelut\\\/#primaryimage\"},\"image\":{\"@id\":\"https:\\\/\\\/ruonaworks.com\\\/hitsauspalvelut\\\/#primaryimage\"},\"thumbnailUrl\":\"https:\\\/\\\/ruonaworks.com\\\/wp-content\\\/uploads\\\/2023\\\/12\\\/Africa.jpg\",\"datePublished\":\"2026-04-30T08:34:52+00:00\",\"dateModified\":\"2026-05-04T09:15:49+00:00\",\"description\":\"Ammattitaitoiset hitsauspalvelut Etel\u00e4-Pohjanmaalta. Tarjoamme metallity\u00f6t, korjaushitsaukset ja r\u00e4\u00e4t\u00e4l\u00f6idyt ratkaisut luotettavasti.\",\"breadcrumb\":{\"@id\":\"https:\\\/\\\/ruonaworks.com\\\/hitsauspalvelut\\\/#breadcrumb\"},\"inLanguage\":\"en-US\",\"potentialAction\":[{\"@type\":\"ReadAction\",\"target\":[\"https:\\\/\\\/ruonaworks.com\\\/hitsauspalvelut\\\/\"]}]},{\"@type\":\"ImageObject\",\"inLanguage\":\"en-US\",\"@id\":\"https:\\\/\\\/ruonaworks.com\\\/hitsauspalvelut\\\/#primaryimage\",\"url\":\"https:\\\/\\\/ruonaworks.com\\\/wp-content\\\/uploads\\\/2023\\\/12\\\/Africa.jpg\",\"contentUrl\":\"https:\\\/\\\/ruonaworks.com\\\/wp-content\\\/uploads\\\/2023\\\/12\\\/Africa.jpg\"},{\"@type\":\"BreadcrumbList\",\"@id\":\"https:\\\/\\\/ruonaworks.com\\\/hitsauspalvelut\\\/#breadcrumb\",\"itemListElement\":[{\"@type\":\"ListItem\",\"position\":1,\"name\":\"Etusivu\",\"item\":\"https:\\\/\\\/ruonaworks.com\\\/\"},{\"@type\":\"ListItem\",\"position\":2,\"name\":\"Hitsauspalvelut\"}]},{\"@type\":\"WebSite\",\"@id\":\"https:\\\/\\\/ruonaworks.com\\\/#website\",\"url\":\"https:\\\/\\\/ruonaworks.com\\\/\",\"name\":\"Ruona Works Oy\",\"description\":\"Hitsaus-, asennus- ja rakennuspalveluita alihankintana\",\"publisher\":{\"@id\":\"https:\\\/\\\/ruonaworks.com\\\/#organization\"},\"potentialAction\":[{\"@type\":\"SearchAction\",\"target\":{\"@type\":\"EntryPoint\",\"urlTemplate\":\"https:\\\/\\\/ruonaworks.com\\\/?s={search_term_string}\"},\"query-input\":{\"@type\":\"PropertyValueSpecification\",\"valueRequired\":true,\"valueName\":\"search_term_string\"}}],\"inLanguage\":\"en-US\"},{\"@type\":\"Organization\",\"@id\":\"https:\\\/\\\/ruonaworks.com\\\/#organization\",\"name\":\"Ruona Works Oy\",\"alternateName\":\"Ruonaworks\",\"url\":\"https:\\\/\\\/ruonaworks.com\\\/\",\"logo\":{\"@type\":\"ImageObject\",\"inLanguage\":\"en-US\",\"@id\":\"https:\\\/\\\/ruonaworks.com\\\/#\\\/schema\\\/logo\\\/image\\\/\",\"url\":\"https:\\\/\\\/ruonaworks.com\\\/wp-content\\\/uploads\\\/2023\\\/12\\\/Ruona-Helmets-logo-120x120-mango.png\",\"contentUrl\":\"https:\\\/\\\/ruonaworks.com\\\/wp-content\\\/uploads\\\/2023\\\/12\\\/Ruona-Helmets-logo-120x120-mango.png\",\"width\":120,\"height\":120,\"caption\":\"Ruona Works Oy\"},\"image\":{\"@id\":\"https:\\\/\\\/ruonaworks.com\\\/#\\\/schema\\\/logo\\\/image\\\/\"},\"sameAs\":[\"https:\\\/\\\/www.facebook.com\\\/ruonaworksoy\\\/\",\"https:\\\/\\\/www.instagram.com\\\/ruonaworksoy\\\/\"]}]}<\/script>\n<!-- \/ Yoast SEO plugin. -->","yoast_head_json":{"title":"Hitsauspalvelut - Ruona Works Oy","description":"Ammattitaitoiset hitsauspalvelut Etel\u00e4-Pohjanmaalta. Tarjoamme metallity\u00f6t, korjaushitsaukset ja r\u00e4\u00e4t\u00e4l\u00f6idyt ratkaisut luotettavasti.","robots":{"index":"index","follow":"follow","max-snippet":"max-snippet:-1","max-image-preview":"max-image-preview:large","max-video-preview":"max-video-preview:-1"},"canonical":"https:\/\/ruonaworks.com\/en\/hitsauspalvelut\/","og_locale":"en_US","og_type":"article","og_title":"Hitsauspalvelut - Ruona Works Oy","og_description":"Ammattitaitoiset hitsauspalvelut Etel\u00e4-Pohjanmaalta. Tarjoamme metallity\u00f6t, korjaushitsaukset ja r\u00e4\u00e4t\u00e4l\u00f6idyt ratkaisut luotettavasti.","og_url":"https:\/\/ruonaworks.com\/en\/hitsauspalvelut\/","og_site_name":"Ruona Works Oy","article_publisher":"https:\/\/www.facebook.com\/ruonaworksoy\/","article_modified_time":"2026-05-04T09:15:49+00:00","og_image":[{"width":1920,"height":1440,"url":"https:\/\/ruonaworks.com\/wp-content\/uploads\/2023\/12\/Africa.jpg","type":"image\/jpeg"}],"twitter_card":"summary_large_image","twitter_misc":{"Est. reading time":"2 minutes"},"schema":{"@context":"https:\/\/schema.org","@graph":[{"@type":"WebPage","@id":"https:\/\/ruonaworks.com\/hitsauspalvelut\/","url":"https:\/\/ruonaworks.com\/hitsauspalvelut\/","name":"Hitsauspalvelut - Ruona Works Oy","isPartOf":{"@id":"https:\/\/ruonaworks.com\/#website"},"primaryImageOfPage":{"@id":"https:\/\/ruonaworks.com\/hitsauspalvelut\/#primaryimage"},"image":{"@id":"https:\/\/ruonaworks.com\/hitsauspalvelut\/#primaryimage"},"thumbnailUrl":"https:\/\/ruonaworks.com\/wp-content\/uploads\/2023\/12\/Africa.jpg","datePublished":"2026-04-30T08:34:52+00:00","dateModified":"2026-05-04T09:15:49+00:00","description":"Ammattitaitoiset hitsauspalvelut Etel\u00e4-Pohjanmaalta. Tarjoamme metallity\u00f6t, korjaushitsaukset ja r\u00e4\u00e4t\u00e4l\u00f6idyt ratkaisut luotettavasti.","breadcrumb":{"@id":"https:\/\/ruonaworks.com\/hitsauspalvelut\/#breadcrumb"},"inLanguage":"en-US","potentialAction":[{"@type":"ReadAction","target":["https:\/\/ruonaworks.com\/hitsauspalvelut\/"]}]},{"@type":"ImageObject","inLanguage":"en-US","@id":"https:\/\/ruonaworks.com\/hitsauspalvelut\/#primaryimage","url":"https:\/\/ruonaworks.com\/wp-content\/uploads\/2023\/12\/Africa.jpg","contentUrl":"https:\/\/ruonaworks.com\/wp-content\/uploads\/2023\/12\/Africa.jpg"},{"@type":"BreadcrumbList","@id":"https:\/\/ruonaworks.com\/hitsauspalvelut\/#breadcrumb","itemListElement":[{"@type":"ListItem","position":1,"name":"Etusivu","item":"https:\/\/ruonaworks.com\/"},{"@type":"ListItem","position":2,"name":"Hitsauspalvelut"}]},{"@type":"WebSite","@id":"https:\/\/ruonaworks.com\/#website","url":"https:\/\/ruonaworks.com\/","name":"Ruona Works Oy","description":"Hitsaus-, asennus- ja rakennuspalveluita alihankintana","publisher":{"@id":"https:\/\/ruonaworks.com\/#organization"},"potentialAction":[{"@type":"SearchAction","target":{"@type":"EntryPoint","urlTemplate":"https:\/\/ruonaworks.com\/?s={search_term_string}"},"query-input":{"@type":"PropertyValueSpecification","valueRequired":true,"valueName":"search_term_string"}}],"inLanguage":"en-US"},{"@type":"Organization","@id":"https:\/\/ruonaworks.com\/#organization","name":"Ruona Works Oy","alternateName":"Ruonaworks","url":"https:\/\/ruonaworks.com\/","logo":{"@type":"ImageObject","inLanguage":"en-US","@id":"https:\/\/ruonaworks.com\/#\/schema\/logo\/image\/","url":"https:\/\/ruonaworks.com\/wp-content\/uploads\/2023\/12\/Ruona-Helmets-logo-120x120-mango.png","contentUrl":"https:\/\/ruonaworks.com\/wp-content\/uploads\/2023\/12\/Ruona-Helmets-logo-120x120-mango.png","width":120,"height":120,"caption":"Ruona Works Oy"},"image":{"@id":"https:\/\/ruonaworks.com\/#\/schema\/logo\/image\/"},"sameAs":["https:\/\/www.facebook.com\/ruonaworksoy\/","https:\/\/www.instagram.com\/ruonaworksoy\/"]}]}},"_links":{"self":[{"href":"https:\/\/ruonaworks.com\/en\/wp-json\/wp\/v2\/pages\/323","targetHints":{"allow":["GET"]}}],"collection":[{"href":"https:\/\/ruonaworks.com\/en\/wp-json\/wp\/v2\/pages"}],"about":[{"href":"https:\/\/ruonaworks.com\/en\/wp-json\/wp\/v2\/types\/page"}],"author":[{"embeddable":true,"href":"https:\/\/ruonaworks.com\/en\/wp-json\/wp\/v2\/users\/1"}],"replies":[{"embeddable":true,"href":"https:\/\/ruonaworks.com\/en\/wp-json\/wp\/v2\/comments?post=323"}],"version-history":[{"count":14,"href":"https:\/\/ruonaworks.com\/en\/wp-json\/wp\/v2\/pages\/323\/revisions"}],"predecessor-version":[{"id":364,"href":"https:\/\/ruonaworks.com\/en\/wp-json\/wp\/v2\/pages\/323\/revisions\/364"}],"wp:attachment":[{"href":"https:\/\/ruonaworks.com\/en\/wp-json\/wp\/v2\/media?parent=323"}],"curies":[{"name":"wp","href":"https:\/\/api.w.org\/{rel}","templated":true}]}}