{"id":58,"date":"2023-12-07T10:56:06","date_gmt":"2023-12-07T10:56:06","guid":{"rendered":"https:\/\/ruonaworks.com\/?page_id=58"},"modified":"2024-12-12T14:24:31","modified_gmt":"2024-12-12T12:24:31","slug":"yhteystiedot","status":"publish","type":"page","link":"https:\/\/ruonaworks.com\/en\/yhteystiedot\/","title":{"rendered":"Contact"},"content":{"rendered":"<div style=\"height:var(--wp--preset--spacing--20)\" aria-hidden=\"true\" class=\"wp-block-spacer\"><\/div>\n\n\n\n<div class=\"wp-block-group alignfull has-global-padding is-layout-constrained wp-block-group-is-layout-constrained\">\n<div class=\"wp-block-cover alignfull wp-duotone-duotone-4\"><span aria-hidden=\"true\" class=\"wp-block-cover__background has-background-dim-60 has-background-dim\"><\/span><img loading=\"lazy\" decoding=\"async\" width=\"1136\" height=\"639\" class=\"wp-block-cover__image-background wp-image-110\" alt=\"\" src=\"https:\/\/ruonaworks.com\/wp-content\/uploads\/2023\/12\/Kansikuva-e1702469941118.jpg\" data-object-fit=\"cover\" srcset=\"https:\/\/ruonaworks.com\/wp-content\/uploads\/2023\/12\/Kansikuva-e1702469941118.jpg 1136w, https:\/\/ruonaworks.com\/wp-content\/uploads\/2023\/12\/Kansikuva-e1702469941118-300x169.jpg 300w, https:\/\/ruonaworks.com\/wp-content\/uploads\/2023\/12\/Kansikuva-e1702469941118-1024x576.jpg 1024w, https:\/\/ruonaworks.com\/wp-content\/uploads\/2023\/12\/Kansikuva-e1702469941118-768x432.jpg 768w\" sizes=\"auto, (max-width: 1136px) 100vw, 1136px\" \/><div class=\"wp-block-cover__inner-container has-global-padding is-layout-constrained wp-block-cover-is-layout-constrained\">\n<h2 class=\"wp-block-heading has-text-align-center has-large-font-size\"><span style=\"text-decoration: underline;\">You can reach us by phone and email<\/span><\/h2>\n\n\n\n<div class=\"wp-block-columns is-layout-flex wp-container-core-columns-is-layout-28f84493 wp-block-columns-is-layout-flex\">\n<div class=\"wp-block-column is-layout-flow wp-block-column-is-layout-flow\">\n<div class=\"wp-block-group is-vertical is-layout-flex wp-container-core-group-is-layout-fe9cc265 wp-block-group-is-layout-flex\">\n<figure class=\"wp-block-image size-large\"><img loading=\"lazy\" decoding=\"async\" width=\"768\" height=\"1024\" src=\"https:\/\/ruonaworks.com\/wp-content\/uploads\/2023\/12\/Arto-768x1024.jpg\" alt=\"Arto\" class=\"wp-image-92\" style=\"aspect-ratio:9\/16;object-fit:cover\" srcset=\"https:\/\/ruonaworks.com\/wp-content\/uploads\/2023\/12\/Arto-768x1024.jpg 768w, https:\/\/ruonaworks.com\/wp-content\/uploads\/2023\/12\/Arto-225x300.jpg 225w, https:\/\/ruonaworks.com\/wp-content\/uploads\/2023\/12\/Arto-1152x1536.jpg 1152w, https:\/\/ruonaworks.com\/wp-content\/uploads\/2023\/12\/Arto.jpg 1440w\" sizes=\"auto, (max-width: 768px) 100vw, 768px\" \/><\/figure>\n<\/div>\n\n\n\n<h3 class=\"wp-block-heading\">Arto Haapala<\/h3>\n\n\n\n<p><strong><em>CEO<\/em><\/strong><\/p>\n\n\n\n<p><span style=\"text-decoration: underline;\"><br><strong>Email:<\/strong><\/span> arto.haapala@ruonaworks.com<br><span style=\"text-decoration: underline;\"><strong>Phone:<\/strong><\/span> +358407577722<\/p>\n<\/div>\n\n\n\n<div class=\"wp-block-column is-layout-flow wp-block-column-is-layout-flow\">\n<div class=\"wp-block-group is-vertical is-layout-flex wp-container-core-group-is-layout-fe9cc265 wp-block-group-is-layout-flex\">\n<figure class=\"wp-block-image size-full\"><img loading=\"lazy\" decoding=\"async\" width=\"1079\" height=\"1901\" src=\"https:\/\/ruonaworks.com\/wp-content\/uploads\/2024\/06\/IMG-20240522-WA0001.jpg\" alt=\"\" class=\"wp-image-246\" style=\"aspect-ratio:9\/16;object-fit:cover\" srcset=\"https:\/\/ruonaworks.com\/wp-content\/uploads\/2024\/06\/IMG-20240522-WA0001.jpg 1079w, https:\/\/ruonaworks.com\/wp-content\/uploads\/2024\/06\/IMG-20240522-WA0001-170x300.jpg 170w, https:\/\/ruonaworks.com\/wp-content\/uploads\/2024\/06\/IMG-20240522-WA0001-581x1024.jpg 581w, https:\/\/ruonaworks.com\/wp-content\/uploads\/2024\/06\/IMG-20240522-WA0001-768x1353.jpg 768w, https:\/\/ruonaworks.com\/wp-content\/uploads\/2024\/06\/IMG-20240522-WA0001-872x1536.jpg 872w, https:\/\/ruonaworks.com\/wp-content\/uploads\/2024\/06\/IMG-20240522-WA0001-7x12.jpg 7w\" sizes=\"auto, (max-width: 1079px) 100vw, 1079px\" \/><\/figure>\n<\/div>\n\n\n\n<h3 class=\"wp-block-heading\">Jani R\u00e4m\u00f6<\/h3>\n\n\n\n<p><strong><em>Sales and Projects<\/em><\/strong><\/p>\n\n\n\n<p><br><span style=\"text-decoration: underline;\"><strong>Email:<\/strong><\/span> jani.ramo@ruonaworks.com<br><span style=\"text-decoration: underline;\"><strong>Phone:<\/strong><\/span> +358458591409<\/p>\n<\/div>\n<\/div>\n<\/div><\/div>\n<\/div>\n\n\n\n<div style=\"height:var(--wp--preset--spacing--20)\" aria-hidden=\"true\" class=\"wp-block-spacer\"><\/div>\n\n\n\n<div class=\"wp-block-group has-global-padding is-layout-constrained wp-block-group-is-layout-constrained\">\n<p><span style=\"text-decoration: underline;\">Otamme laskut vastaan verkkolaskuina<\/span><br><br>Name: Ruona Works Oy<br>Business ID:3188814-5<br>E-invoicing address: 003731888145<br>Proxy<br>V\u00e4litt\u00e4j\u00e4: Open Text Oy<br>V\u00e4litt\u00e4j\u00e4tunnus: 003708599126<br>Operator ID when sending from bank network: DABAFIHH<\/p>\n\n\n\n<p><\/p>\n<\/div>","protected":false},"excerpt":{"rendered":"<p>Otamme laskut vastaan verkkolaskuina Nimi: Ruona Works OyY-tunnus: 3188814-5Verkkolaskuosoite: 003731888145V\u00e4litystiedotV\u00e4litt\u00e4j\u00e4: Open Text OyV\u00e4litt\u00e4j\u00e4tunnus: 003708599126V\u00e4litt\u00e4j\u00e4tunnus pankkiverkosta l\u00e4hetett\u00e4ess\u00e4: DABAFIHH<\/p>","protected":false},"author":1,"featured_media":0,"parent":0,"menu_order":0,"comment_status":"closed","ping_status":"closed","template":"","meta":{"footnotes":""},"class_list":["post-58","page","type-page","status-publish","hentry"],"yoast_head":"<!-- This site is optimized with the Yoast SEO plugin v27.4 - https:\/\/yoast.com\/product\/yoast-seo-wordpress\/ -->\n<title>Yhteystiedot - Ruona Works Oy<\/title>\n<meta name=\"robots\" content=\"index, follow, max-snippet:-1, max-image-preview:large, max-video-preview:-1\" \/>\n<link rel=\"canonical\" href=\"https:\/\/ruonaworks.com\/en\/yhteystiedot\/\" \/>\n<meta property=\"og:locale\" content=\"en_US\" \/>\n<meta property=\"og:type\" content=\"article\" \/>\n<meta property=\"og:title\" content=\"Yhteystiedot - Ruona Works Oy\" \/>\n<meta property=\"og:description\" content=\"Otamme laskut vastaan verkkolaskuina Nimi: Ruona Works OyY-tunnus: 3188814-5Verkkolaskuosoite: 003731888145V\u00e4litystiedotV\u00e4litt\u00e4j\u00e4: Open Text OyV\u00e4litt\u00e4j\u00e4tunnus: 003708599126V\u00e4litt\u00e4j\u00e4tunnus pankkiverkosta l\u00e4hetett\u00e4ess\u00e4: DABAFIHH\" \/>\n<meta property=\"og:url\" content=\"https:\/\/ruonaworks.com\/en\/yhteystiedot\/\" \/>\n<meta property=\"og:site_name\" content=\"Ruona Works Oy\" \/>\n<meta property=\"article:publisher\" content=\"https:\/\/www.facebook.com\/ruonaworksoy\/\" \/>\n<meta property=\"article:modified_time\" content=\"2024-12-12T12:24:31+00:00\" \/>\n<meta property=\"og:image\" content=\"https:\/\/ruonaworks.com\/wp-content\/uploads\/2023\/12\/Kansikuva-e1702469941118.jpg\" \/>\n<meta name=\"twitter:card\" content=\"summary_large_image\" \/>\n<meta name=\"twitter:label1\" content=\"Est. reading time\" \/>\n\t<meta name=\"twitter:data1\" content=\"1 minute\" \/>\n<script type=\"application\/ld+json\" class=\"yoast-schema-graph\">{\"@context\":\"https:\\\/\\\/schema.org\",\"@graph\":[{\"@type\":[\"WebPage\",\"ContactPage\"],\"@id\":\"https:\\\/\\\/ruonaworks.com\\\/yhteystiedot\\\/\",\"url\":\"https:\\\/\\\/ruonaworks.com\\\/yhteystiedot\\\/\",\"name\":\"Yhteystiedot - Ruona Works Oy\",\"isPartOf\":{\"@id\":\"https:\\\/\\\/ruonaworks.com\\\/#website\"},\"primaryImageOfPage\":{\"@id\":\"https:\\\/\\\/ruonaworks.com\\\/yhteystiedot\\\/#primaryimage\"},\"image\":{\"@id\":\"https:\\\/\\\/ruonaworks.com\\\/yhteystiedot\\\/#primaryimage\"},\"thumbnailUrl\":\"https:\\\/\\\/ruonaworks.com\\\/wp-content\\\/uploads\\\/2023\\\/12\\\/Kansikuva-e1702469941118.jpg\",\"datePublished\":\"2023-12-07T10:56:06+00:00\",\"dateModified\":\"2024-12-12T12:24:31+00:00\",\"breadcrumb\":{\"@id\":\"https:\\\/\\\/ruonaworks.com\\\/yhteystiedot\\\/#breadcrumb\"},\"inLanguage\":\"en-US\",\"potentialAction\":[{\"@type\":\"ReadAction\",\"target\":[\"https:\\\/\\\/ruonaworks.com\\\/yhteystiedot\\\/\"]}]},{\"@type\":\"ImageObject\",\"inLanguage\":\"en-US\",\"@id\":\"https:\\\/\\\/ruonaworks.com\\\/yhteystiedot\\\/#primaryimage\",\"url\":\"https:\\\/\\\/ruonaworks.com\\\/wp-content\\\/uploads\\\/2023\\\/12\\\/Kansikuva-e1702469941118.jpg\",\"contentUrl\":\"https:\\\/\\\/ruonaworks.com\\\/wp-content\\\/uploads\\\/2023\\\/12\\\/Kansikuva-e1702469941118.jpg\"},{\"@type\":\"BreadcrumbList\",\"@id\":\"https:\\\/\\\/ruonaworks.com\\\/yhteystiedot\\\/#breadcrumb\",\"itemListElement\":[{\"@type\":\"ListItem\",\"position\":1,\"name\":\"Etusivu\",\"item\":\"https:\\\/\\\/ruonaworks.com\\\/\"},{\"@type\":\"ListItem\",\"position\":2,\"name\":\"Yhteystiedot\"}]},{\"@type\":\"WebSite\",\"@id\":\"https:\\\/\\\/ruonaworks.com\\\/#website\",\"url\":\"https:\\\/\\\/ruonaworks.com\\\/\",\"name\":\"Ruona Works Oy\",\"description\":\"Hitsaus-, asennus- ja rakennuspalveluita alihankintana\",\"publisher\":{\"@id\":\"https:\\\/\\\/ruonaworks.com\\\/#organization\"},\"potentialAction\":[{\"@type\":\"SearchAction\",\"target\":{\"@type\":\"EntryPoint\",\"urlTemplate\":\"https:\\\/\\\/ruonaworks.com\\\/?s={search_term_string}\"},\"query-input\":{\"@type\":\"PropertyValueSpecification\",\"valueRequired\":true,\"valueName\":\"search_term_string\"}}],\"inLanguage\":\"en-US\"},{\"@type\":\"Organization\",\"@id\":\"https:\\\/\\\/ruonaworks.com\\\/#organization\",\"name\":\"Ruona Works Oy\",\"alternateName\":\"Ruonaworks\",\"url\":\"https:\\\/\\\/ruonaworks.com\\\/\",\"logo\":{\"@type\":\"ImageObject\",\"inLanguage\":\"en-US\",\"@id\":\"https:\\\/\\\/ruonaworks.com\\\/#\\\/schema\\\/logo\\\/image\\\/\",\"url\":\"https:\\\/\\\/ruonaworks.com\\\/wp-content\\\/uploads\\\/2023\\\/12\\\/Ruona-Helmets-logo-120x120-mango.png\",\"contentUrl\":\"https:\\\/\\\/ruonaworks.com\\\/wp-content\\\/uploads\\\/2023\\\/12\\\/Ruona-Helmets-logo-120x120-mango.png\",\"width\":120,\"height\":120,\"caption\":\"Ruona Works Oy\"},\"image\":{\"@id\":\"https:\\\/\\\/ruonaworks.com\\\/#\\\/schema\\\/logo\\\/image\\\/\"},\"sameAs\":[\"https:\\\/\\\/www.facebook.com\\\/ruonaworksoy\\\/\",\"https:\\\/\\\/www.instagram.com\\\/ruonaworksoy\\\/\"]}]}<\/script>\n<!-- \/ Yoast SEO plugin. -->","yoast_head_json":{"title":"Yhteystiedot - Ruona Works Oy","robots":{"index":"index","follow":"follow","max-snippet":"max-snippet:-1","max-image-preview":"max-image-preview:large","max-video-preview":"max-video-preview:-1"},"canonical":"https:\/\/ruonaworks.com\/en\/yhteystiedot\/","og_locale":"en_US","og_type":"article","og_title":"Yhteystiedot - Ruona Works Oy","og_description":"Otamme laskut vastaan verkkolaskuina Nimi: Ruona Works OyY-tunnus: 3188814-5Verkkolaskuosoite: 003731888145V\u00e4litystiedotV\u00e4litt\u00e4j\u00e4: Open Text OyV\u00e4litt\u00e4j\u00e4tunnus: 003708599126V\u00e4litt\u00e4j\u00e4tunnus pankkiverkosta l\u00e4hetett\u00e4ess\u00e4: DABAFIHH","og_url":"https:\/\/ruonaworks.com\/en\/yhteystiedot\/","og_site_name":"Ruona Works Oy","article_publisher":"https:\/\/www.facebook.com\/ruonaworksoy\/","article_modified_time":"2024-12-12T12:24:31+00:00","og_image":[{"url":"https:\/\/ruonaworks.com\/wp-content\/uploads\/2023\/12\/Kansikuva-e1702469941118.jpg","type":"","width":"","height":""}],"twitter_card":"summary_large_image","twitter_misc":{"Est. reading time":"1 minute"},"schema":{"@context":"https:\/\/schema.org","@graph":[{"@type":["WebPage","ContactPage"],"@id":"https:\/\/ruonaworks.com\/yhteystiedot\/","url":"https:\/\/ruonaworks.com\/yhteystiedot\/","name":"Yhteystiedot - Ruona Works Oy","isPartOf":{"@id":"https:\/\/ruonaworks.com\/#website"},"primaryImageOfPage":{"@id":"https:\/\/ruonaworks.com\/yhteystiedot\/#primaryimage"},"image":{"@id":"https:\/\/ruonaworks.com\/yhteystiedot\/#primaryimage"},"thumbnailUrl":"https:\/\/ruonaworks.com\/wp-content\/uploads\/2023\/12\/Kansikuva-e1702469941118.jpg","datePublished":"2023-12-07T10:56:06+00:00","dateModified":"2024-12-12T12:24:31+00:00","breadcrumb":{"@id":"https:\/\/ruonaworks.com\/yhteystiedot\/#breadcrumb"},"inLanguage":"en-US","potentialAction":[{"@type":"ReadAction","target":["https:\/\/ruonaworks.com\/yhteystiedot\/"]}]},{"@type":"ImageObject","inLanguage":"en-US","@id":"https:\/\/ruonaworks.com\/yhteystiedot\/#primaryimage","url":"https:\/\/ruonaworks.com\/wp-content\/uploads\/2023\/12\/Kansikuva-e1702469941118.jpg","contentUrl":"https:\/\/ruonaworks.com\/wp-content\/uploads\/2023\/12\/Kansikuva-e1702469941118.jpg"},{"@type":"BreadcrumbList","@id":"https:\/\/ruonaworks.com\/yhteystiedot\/#breadcrumb","itemListElement":[{"@type":"ListItem","position":1,"name":"Etusivu","item":"https:\/\/ruonaworks.com\/"},{"@type":"ListItem","position":2,"name":"Yhteystiedot"}]},{"@type":"WebSite","@id":"https:\/\/ruonaworks.com\/#website","url":"https:\/\/ruonaworks.com\/","name":"Ruona Works Oy","description":"Hitsaus-, asennus- ja rakennuspalveluita alihankintana","publisher":{"@id":"https:\/\/ruonaworks.com\/#organization"},"potentialAction":[{"@type":"SearchAction","target":{"@type":"EntryPoint","urlTemplate":"https:\/\/ruonaworks.com\/?s={search_term_string}"},"query-input":{"@type":"PropertyValueSpecification","valueRequired":true,"valueName":"search_term_string"}}],"inLanguage":"en-US"},{"@type":"Organization","@id":"https:\/\/ruonaworks.com\/#organization","name":"Ruona Works Oy","alternateName":"Ruonaworks","url":"https:\/\/ruonaworks.com\/","logo":{"@type":"ImageObject","inLanguage":"en-US","@id":"https:\/\/ruonaworks.com\/#\/schema\/logo\/image\/","url":"https:\/\/ruonaworks.com\/wp-content\/uploads\/2023\/12\/Ruona-Helmets-logo-120x120-mango.png","contentUrl":"https:\/\/ruonaworks.com\/wp-content\/uploads\/2023\/12\/Ruona-Helmets-logo-120x120-mango.png","width":120,"height":120,"caption":"Ruona Works Oy"},"image":{"@id":"https:\/\/ruonaworks.com\/#\/schema\/logo\/image\/"},"sameAs":["https:\/\/www.facebook.com\/ruonaworksoy\/","https:\/\/www.instagram.com\/ruonaworksoy\/"]}]}},"_links":{"self":[{"href":"https:\/\/ruonaworks.com\/en\/wp-json\/wp\/v2\/pages\/58","targetHints":{"allow":["GET"]}}],"collection":[{"href":"https:\/\/ruonaworks.com\/en\/wp-json\/wp\/v2\/pages"}],"about":[{"href":"https:\/\/ruonaworks.com\/en\/wp-json\/wp\/v2\/types\/page"}],"author":[{"embeddable":true,"href":"https:\/\/ruonaworks.com\/en\/wp-json\/wp\/v2\/users\/1"}],"replies":[{"embeddable":true,"href":"https:\/\/ruonaworks.com\/en\/wp-json\/wp\/v2\/comments?post=58"}],"version-history":[{"count":24,"href":"https:\/\/ruonaworks.com\/en\/wp-json\/wp\/v2\/pages\/58\/revisions"}],"predecessor-version":[{"id":254,"href":"https:\/\/ruonaworks.com\/en\/wp-json\/wp\/v2\/pages\/58\/revisions\/254"}],"wp:attachment":[{"href":"https:\/\/ruonaworks.com\/en\/wp-json\/wp\/v2\/media?parent=58"}],"curies":[{"name":"wp","href":"https:\/\/api.w.org\/{rel}","templated":true}]}}